{"id":1485,"date":"2024-11-21T09:46:36","date_gmt":"2024-11-21T09:46:36","guid":{"rendered":"https:\/\/experiencea.pt\/?page_id=1485"},"modified":"2025-08-26T09:43:57","modified_gmt":"2025-08-26T09:43:57","slug":"politica-de-cookies","status":"publish","type":"page","link":"https:\/\/experiencea.pt\/en\/politica-de-cookies\/","title":{"rendered":"Cookie Policy"},"content":{"rendered":"<div data-elementor-type=\"wp-page\" data-elementor-id=\"1485\" class=\"elementor elementor-1485\" data-elementor-post-type=\"page\">\n\t\t\t\t<div class=\"elementor-element elementor-element-621af23 e-con-full e-flex e-con e-parent\" data-id=\"621af23\" data-element_type=\"container\" data-settings=\"{&quot;background_background&quot;:&quot;classic&quot;}\">\n\t\t<div class=\"elementor-element elementor-element-6d7513d e-flex e-con-boxed e-con e-child\" data-id=\"6d7513d\" data-element_type=\"container\">\n\t\t\t\t\t<div class=\"e-con-inner\">\n\t\t\t\t<div class=\"elementor-element elementor-element-9f08972 elementor-widget elementor-widget-heading\" data-id=\"9f08972\" data-element_type=\"widget\" data-widget_type=\"heading.default\">\n\t\t\t\t<div class=\"elementor-widget-container\">\n\t\t\t\t\t<h1 class=\"elementor-heading-title elementor-size-default\">COOKIES POLICY<\/h1>\t\t\t\t<\/div>\n\t\t\t\t<\/div>\n\t\t\t\t\t<\/div>\n\t\t\t\t<\/div>\n\t\t\t\t<\/div>\n\t\t<div class=\"elementor-element elementor-element-ea1e6b9 e-flex e-con-boxed e-con e-parent\" data-id=\"ea1e6b9\" data-element_type=\"container\" data-settings=\"{&quot;background_background&quot;:&quot;classic&quot;}\">\n\t\t\t\t\t<div class=\"e-con-inner\">\n\t\t\t\t<div class=\"elementor-element elementor-element-b8147fd elementor-widget elementor-widget-text-editor\" data-id=\"b8147fd\" data-element_type=\"widget\" data-widget_type=\"text-editor.default\">\n\t\t\t\t<div class=\"elementor-widget-container\">\n\t\t\t\t\t\t\t\t\t<p>At ExperienceA by Wine Tourism in Portugal, we use cookies to improve the performance and browsing experience of the user and\/or visitor. Any web browser allows the user and\/or visitor to accept, refuse, or delete cookies through the browser settings.<br \/>Cookies do not contain personally identifiable information. By using our website, you consent to the use of these cookies.<\/p><p><strong>What Are Cookies?<\/strong>Cookies are text files containing relevant information that the browser processes when a user visits a website.<br \/>Placing cookies helps the site recognize the user's device (tablet, desktop, mobile phone, etc.) each time the user accesses this site. Cookies only retain information related to user preferences and do not reveal personal information.<\/p><p><strong>Types of Cookies:<\/strong><\/p><p>There are several types of cookies with different characteristics and functions:<\/p><ul style=\"margin-left: -60px; margin-top: 10px;\"><li style=\"list-style-type: none;\"><ul><li><strong>Essential Cookies <\/strong>\u2014 These are important for accessing specific areas of the site, allowing correct navigation.<\/li><\/ul><\/li><\/ul><ul style=\"margin-left: -60px; margin-top: 10px;\"><li style=\"list-style-type: none;\"><ul><li><strong>Functionality Cookies<\/strong> \u2014 These allow user preferences to be stored when the user visits the site, so it is not necessary to customize the site each time it is visited.<\/li><\/ul><\/li><\/ul><ul style=\"margin-left: -60px; margin-top: 10px;\"><li style=\"list-style-type: none;\"><ul><li><strong>Analytical Cookies<\/strong> \u2014 This type of cookie allows us to analyze how users interact with the site, identify the most popular pages, and monitor site performance, making it possible to identify potential error messages. Personal information will never be revealed.<\/li><\/ul><\/li><\/ul><p><strong>Google Analytics<\/strong><\/p><p>This website uses Google Analytics, a web analytics service provided by Google Inc.<\/p><p>Google Analytics uses cookies that are stored on your computer and enable an analysis of website usage. The information generated by the cookie about the use of our website, including the IP address (\u201cusage data\u201d), is generally transmitted to a Google server in the USA and stored there.<\/p><p>You may refuse the use of cookies by selecting the appropriate settings on your browser; however, please note that in this case, you may not be able to use the full functionality of this website. Additionally, you can prevent the collection of cookie-generated data and data relating to your use of the website (including your IP address) by Google, as well as the processing of such data by Google, by downloading and installing the browser plug-in available at the following link: http:\/\/tools.google.com\/dlpage\/gaoptout.<\/p><p>Detailed information about Google Analytics can be found on Google\u2019s website at https:\/\/marketingplatform.google.com\/about\/.<\/p><p><strong>Social Networks<\/strong><br \/>Our website contains links to external social networks, such as Facebook (\u201csocial plug-ins\u201d). The functions assigned to these links, especially the transmission of user information and data, are only activated when the user clicks on the respective link. Once the user clicks on the social network link, the link is activated.<\/p>\t\t\t\t\t\t\t\t<\/div>\n\t\t\t\t<\/div>\n\t\t\t\t\t<\/div>\n\t\t\t\t<\/div>\n\t\t\t\t<\/div>","protected":false},"excerpt":{"rendered":"<p>POL\u00cdTICA DE COOKIES Utilizamos cookies que permitem melhorar o desempenho e a experi\u00eancia de navega\u00e7\u00e3o do utilizador e\/ou visitante. Qualquer navegador de internet (browser) permite ao utilizador e\/ou visitante aceitar, recusar ou apagar cookies, atrav\u00e9s das defini\u00e7\u00f5es do pr\u00f3prio navegador.Os cookies n\u00e3o cont\u00eam informa\u00e7\u00f5es de identifica\u00e7\u00e3o pessoal. Ao usar o nosso website, est\u00e1 a autorizar [&hellip;]<\/p>","protected":false},"author":1,"featured_media":0,"parent":0,"menu_order":0,"comment_status":"closed","ping_status":"closed","template":"","meta":{"_price":"","_stock":"","_tribe_ticket_header":"","_tribe_default_ticket_provider":"","_tribe_ticket_capacity":"0","_ticket_start_date":"","_ticket_end_date":"","_tribe_ticket_show_description":"","_tribe_ticket_show_not_going":false,"_tribe_ticket_use_global_stock":"","_tribe_ticket_global_stock_level":"","_global_stock_mode":"","_global_stock_cap":"","_tribe_rsvp_for_event":"","_tribe_ticket_going_count":"","_tribe_ticket_not_going_count":"","_tribe_tickets_list":"[]","_tribe_ticket_has_attendee_info_fields":false,"footnotes":"","_tec_slr_enabled":"","_tec_slr_layout":""},"class_list":["post-1485","page","type-page","status-publish","hentry"],"yoast_head":"<!-- This site is optimized with the Yoast SEO plugin v25.8 - https:\/\/yoast.com\/wordpress\/plugins\/seo\/ -->\n<title>Pol\u00edtica de Cookies - EXPERIENCEA<\/title>\n<meta name=\"robots\" content=\"index, follow, max-snippet:-1, max-image-preview:large, max-video-preview:-1\" \/>\n<link rel=\"canonical\" href=\"https:\/\/experiencea.pt\/en\/politica-de-cookies\/\" \/>\n<meta property=\"og:locale\" content=\"en_GB\" \/>\n<meta property=\"og:type\" content=\"article\" \/>\n<meta property=\"og:title\" content=\"Pol\u00edtica de Cookies - EXPERIENCEA\" \/>\n<meta property=\"og:description\" content=\"POL\u00cdTICA DE COOKIES Utilizamos cookies que permitem melhorar o desempenho e a experi\u00eancia de navega\u00e7\u00e3o do utilizador e\/ou visitante. Qualquer navegador de internet (browser) permite ao utilizador e\/ou visitante aceitar, recusar ou apagar cookies, atrav\u00e9s das defini\u00e7\u00f5es do pr\u00f3prio navegador.Os cookies n\u00e3o cont\u00eam informa\u00e7\u00f5es de identifica\u00e7\u00e3o pessoal. Ao usar o nosso website, est\u00e1 a autorizar [&hellip;]\" \/>\n<meta property=\"og:url\" content=\"https:\/\/experiencea.pt\/en\/politica-de-cookies\/\" \/>\n<meta property=\"og:site_name\" content=\"EXPERIENCEA\" \/>\n<meta property=\"article:modified_time\" content=\"2025-08-26T09:43:57+00:00\" \/>\n<meta property=\"og:image\" content=\"https:\/\/experiencea.pt\/wp-content\/uploads\/2024\/11\/Experiencea-logo-q.png\" \/>\n\t<meta property=\"og:image:width\" content=\"1500\" \/>\n\t<meta property=\"og:image:height\" content=\"1500\" \/>\n\t<meta property=\"og:image:type\" content=\"image\/png\" \/>\n<meta name=\"twitter:card\" content=\"summary_large_image\" \/>\n<meta name=\"twitter:label1\" content=\"Estimated reading time\" \/>\n\t<meta name=\"twitter:data1\" content=\"3 minutes\" \/>\n<script type=\"application\/ld+json\" class=\"yoast-schema-graph\">{\"@context\":\"https:\/\/schema.org\",\"@graph\":[{\"@type\":\"WebPage\",\"@id\":\"https:\/\/experiencea.pt\/politica-de-cookies\/\",\"url\":\"https:\/\/experiencea.pt\/politica-de-cookies\/\",\"name\":\"Pol\u00edtica de Cookies - EXPERIENCEA\",\"isPartOf\":{\"@id\":\"https:\/\/experiencea.pt\/#website\"},\"datePublished\":\"2024-11-21T09:46:36+00:00\",\"dateModified\":\"2025-08-26T09:43:57+00:00\",\"breadcrumb\":{\"@id\":\"https:\/\/experiencea.pt\/politica-de-cookies\/#breadcrumb\"},\"inLanguage\":\"en-GB\",\"potentialAction\":[{\"@type\":\"ReadAction\",\"target\":[\"https:\/\/experiencea.pt\/politica-de-cookies\/\"]}]},{\"@type\":\"BreadcrumbList\",\"@id\":\"https:\/\/experiencea.pt\/politica-de-cookies\/#breadcrumb\",\"itemListElement\":[{\"@type\":\"ListItem\",\"position\":1,\"name\":\"In\u00edcio\",\"item\":\"https:\/\/experiencea.pt\/\"},{\"@type\":\"ListItem\",\"position\":2,\"name\":\"Pol\u00edtica de Cookies\"}]},{\"@type\":\"WebSite\",\"@id\":\"https:\/\/experiencea.pt\/#website\",\"url\":\"https:\/\/experiencea.pt\/\",\"name\":\"EXPERIENCEA\",\"description\":\"\",\"publisher\":{\"@id\":\"https:\/\/experiencea.pt\/#organization\"},\"potentialAction\":[{\"@type\":\"SearchAction\",\"target\":{\"@type\":\"EntryPoint\",\"urlTemplate\":\"https:\/\/experiencea.pt\/?s={search_term_string}\"},\"query-input\":{\"@type\":\"PropertyValueSpecification\",\"valueRequired\":true,\"valueName\":\"search_term_string\"}}],\"inLanguage\":\"en-GB\"},{\"@type\":\"Organization\",\"@id\":\"https:\/\/experiencea.pt\/#organization\",\"name\":\"EXPERIENCEA\",\"url\":\"https:\/\/experiencea.pt\/\",\"logo\":{\"@type\":\"ImageObject\",\"inLanguage\":\"en-GB\",\"@id\":\"https:\/\/experiencea.pt\/#\/schema\/logo\/image\/\",\"url\":\"https:\/\/experiencea.pt\/wp-content\/uploads\/2024\/11\/experiencea-logo-v.png\",\"contentUrl\":\"https:\/\/experiencea.pt\/wp-content\/uploads\/2024\/11\/experiencea-logo-v.png\",\"width\":1045,\"height\":93,\"caption\":\"EXPERIENCEA\"},\"image\":{\"@id\":\"https:\/\/experiencea.pt\/#\/schema\/logo\/image\/\"}}]}<\/script>\n<!-- \/ Yoast SEO plugin. -->","yoast_head_json":{"title":"Pol\u00edtica de Cookies - EXPERIENCEA","robots":{"index":"index","follow":"follow","max-snippet":"max-snippet:-1","max-image-preview":"max-image-preview:large","max-video-preview":"max-video-preview:-1"},"canonical":"https:\/\/experiencea.pt\/en\/politica-de-cookies\/","og_locale":"en_GB","og_type":"article","og_title":"Pol\u00edtica de Cookies - EXPERIENCEA","og_description":"POL\u00cdTICA DE COOKIES Utilizamos cookies que permitem melhorar o desempenho e a experi\u00eancia de navega\u00e7\u00e3o do utilizador e\/ou visitante. Qualquer navegador de internet (browser) permite ao utilizador e\/ou visitante aceitar, recusar ou apagar cookies, atrav\u00e9s das defini\u00e7\u00f5es do pr\u00f3prio navegador.Os cookies n\u00e3o cont\u00eam informa\u00e7\u00f5es de identifica\u00e7\u00e3o pessoal. Ao usar o nosso website, est\u00e1 a autorizar [&hellip;]","og_url":"https:\/\/experiencea.pt\/en\/politica-de-cookies\/","og_site_name":"EXPERIENCEA","article_modified_time":"2025-08-26T09:43:57+00:00","og_image":[{"width":1500,"height":1500,"url":"https:\/\/experiencea.pt\/wp-content\/uploads\/2024\/11\/Experiencea-logo-q.png","type":"image\/png"}],"twitter_card":"summary_large_image","twitter_misc":{"Estimated reading time":"3 minutes"},"schema":{"@context":"https:\/\/schema.org","@graph":[{"@type":"WebPage","@id":"https:\/\/experiencea.pt\/politica-de-cookies\/","url":"https:\/\/experiencea.pt\/politica-de-cookies\/","name":"Pol\u00edtica de Cookies - EXPERIENCEA","isPartOf":{"@id":"https:\/\/experiencea.pt\/#website"},"datePublished":"2024-11-21T09:46:36+00:00","dateModified":"2025-08-26T09:43:57+00:00","breadcrumb":{"@id":"https:\/\/experiencea.pt\/politica-de-cookies\/#breadcrumb"},"inLanguage":"en-GB","potentialAction":[{"@type":"ReadAction","target":["https:\/\/experiencea.pt\/politica-de-cookies\/"]}]},{"@type":"BreadcrumbList","@id":"https:\/\/experiencea.pt\/politica-de-cookies\/#breadcrumb","itemListElement":[{"@type":"ListItem","position":1,"name":"In\u00edcio","item":"https:\/\/experiencea.pt\/"},{"@type":"ListItem","position":2,"name":"Pol\u00edtica de Cookies"}]},{"@type":"WebSite","@id":"https:\/\/experiencea.pt\/#website","url":"https:\/\/experiencea.pt\/","name":"EXPERIENCEA","description":"","publisher":{"@id":"https:\/\/experiencea.pt\/#organization"},"potentialAction":[{"@type":"SearchAction","target":{"@type":"EntryPoint","urlTemplate":"https:\/\/experiencea.pt\/?s={search_term_string}"},"query-input":{"@type":"PropertyValueSpecification","valueRequired":true,"valueName":"search_term_string"}}],"inLanguage":"en-GB"},{"@type":"Organization","@id":"https:\/\/experiencea.pt\/#organization","name":"EXPERIENCEA","url":"https:\/\/experiencea.pt\/","logo":{"@type":"ImageObject","inLanguage":"en-GB","@id":"https:\/\/experiencea.pt\/#\/schema\/logo\/image\/","url":"https:\/\/experiencea.pt\/wp-content\/uploads\/2024\/11\/experiencea-logo-v.png","contentUrl":"https:\/\/experiencea.pt\/wp-content\/uploads\/2024\/11\/experiencea-logo-v.png","width":1045,"height":93,"caption":"EXPERIENCEA"},"image":{"@id":"https:\/\/experiencea.pt\/#\/schema\/logo\/image\/"}}]}},"ticketed":false,"_links":{"self":[{"href":"https:\/\/experiencea.pt\/en\/wp-json\/wp\/v2\/pages\/1485","targetHints":{"allow":["GET"]}}],"collection":[{"href":"https:\/\/experiencea.pt\/en\/wp-json\/wp\/v2\/pages"}],"about":[{"href":"https:\/\/experiencea.pt\/en\/wp-json\/wp\/v2\/types\/page"}],"author":[{"embeddable":true,"href":"https:\/\/experiencea.pt\/en\/wp-json\/wp\/v2\/users\/1"}],"replies":[{"embeddable":true,"href":"https:\/\/experiencea.pt\/en\/wp-json\/wp\/v2\/comments?post=1485"}],"version-history":[{"count":64,"href":"https:\/\/experiencea.pt\/en\/wp-json\/wp\/v2\/pages\/1485\/revisions"}],"predecessor-version":[{"id":2160,"href":"https:\/\/experiencea.pt\/en\/wp-json\/wp\/v2\/pages\/1485\/revisions\/2160"}],"wp:attachment":[{"href":"https:\/\/experiencea.pt\/en\/wp-json\/wp\/v2\/media?parent=1485"}],"curies":[{"name":"wp","href":"https:\/\/api.w.org\/{rel}","templated":true}]}}