{"id":1897,"date":"2025-04-30T14:51:10","date_gmt":"2025-04-30T14:51:10","guid":{"rendered":"https:\/\/experiencea.pt\/?page_id=1897"},"modified":"2025-08-29T18:41:47","modified_gmt":"2025-08-29T17:41:47","slug":"termos-e-condicoes","status":"publish","type":"page","link":"https:\/\/experiencea.pt\/en\/termos-e-condicoes\/","title":{"rendered":"Terms and Conditions"},"content":{"rendered":"<div data-elementor-type=\"wp-page\" data-elementor-id=\"1897\" class=\"elementor elementor-1897\" data-elementor-post-type=\"page\">\n\t\t\t\t<div class=\"elementor-element elementor-element-f992f77 e-con-full e-flex e-con e-parent\" data-id=\"f992f77\" data-element_type=\"container\" data-settings=\"{&quot;background_background&quot;:&quot;classic&quot;}\">\n\t\t<div class=\"elementor-element elementor-element-6016bc0 e-flex e-con-boxed e-con e-child\" data-id=\"6016bc0\" data-element_type=\"container\">\n\t\t\t\t\t<div class=\"e-con-inner\">\n\t\t\t\t<div class=\"elementor-element elementor-element-a774de7 elementor-widget elementor-widget-heading\" data-id=\"a774de7\" data-element_type=\"widget\" data-widget_type=\"heading.default\">\n\t\t\t\t<div class=\"elementor-widget-container\">\n\t\t\t\t\t<h1 class=\"elementor-heading-title elementor-size-default\">Terms and Conditions<\/h1>\t\t\t\t<\/div>\n\t\t\t\t<\/div>\n\t\t\t\t\t<\/div>\n\t\t\t\t<\/div>\n\t\t\t\t<\/div>\n\t\t<div class=\"elementor-element elementor-element-4d9da8b e-flex e-con-boxed e-con e-parent\" data-id=\"4d9da8b\" data-element_type=\"container\" data-settings=\"{&quot;background_background&quot;:&quot;classic&quot;}\">\n\t\t\t\t\t<div class=\"e-con-inner\">\n\t\t\t\t<div class=\"elementor-element elementor-element-16bfd3d elementor-widget elementor-widget-text-editor\" data-id=\"16bfd3d\" data-element_type=\"widget\" data-widget_type=\"text-editor.default\">\n\t\t\t\t<div class=\"elementor-widget-container\">\n\t\t\t\t\t\t\t\t\t<h3>2. Organization<\/h3><p>The events are promoted by ExperienceA by Wine Tourism in Portugal, Lda., in partnership with prestigious national and international venues.<\/p><p>\u00a0<\/p><h3>2. Exclusive Nature<\/h3><p>Tickets are personal, limited, and non-transferable, ensuring immersive and intimate experiences. Due to the exclusive nature and limited capacity of the events, resale or transfer of tickets is strictly prohibited.<\/p><p>\u00a0<\/p><h3>3. Payment<\/h3><p>The full ticket price must be paid at the time of purchase. All prices include VAT at the applicable legal rate.<\/p><p>\u00a0<\/p><h3>4. Cancellations and Changes<\/h3><p>Tickets are non-refundable and cannot be exchanged, except in cases of event cancellation or significant alteration by the promoter. Outdoor events may have an alternative plan previously communicated. In situations of force majeure (e.g., natural phenomena, strikes, public health emergencies), ExperienceA reserves the right to reschedule, relocate, or adjust the event.<\/p><p>\u00a0<\/p><h3>5. Responsabilities<\/h3><p>ExperienceA ensures the curation, production, and communication of the event. Physical, technical, and safety conditions of the venues are the sole responsibility of the venue owners, with whom ExperienceA establishes formal partnerships. By purchasing a ticket, the participant acknowledges and accepts these conditions.<\/p><p>\u00a0<\/p><h3>6. Image Rights<\/h3><p>By purchasing a ticket and attending the event, the participant irrevocably and free of charge authorizes the capture and use of their image and voice in photographs, videos, and other audiovisual records taken during the event. Such content may be used by ExperienceA and its partners for institutional, promotional, and commercial purposes, across any media or platform, worldwide, and without time limitation.<\/p><p>\u00a0<\/p><h3>7. Governing Law<\/h3><p>These Terms &amp; Conditions are governed by Portuguese law. For any dispute, the competent court shall be the Court of the District of Porto, Portugal.<\/p>\t\t\t\t\t\t\t\t<\/div>\n\t\t\t\t<\/div>\n\t\t\t\t\t<\/div>\n\t\t\t\t<\/div>\n\t\t\t\t<\/div>","protected":false},"excerpt":{"rendered":"<p>Termos e Condi\u00e7\u00f5es 1. Organiza\u00e7\u00e3o Os eventos s\u00e3o promovidos pela ExperienceA by Wine Tourism in Portugal, Lda., em parceria com venues de prest\u00edgio nacionais e internacionais. \u00a0 2. Car\u00e1ter Exclusivo Os bilhetes s\u00e3o pessoais e limitados, garantindo experi\u00eancias imersivas e intimistas. Devido ao car\u00e1cter exclusivo e \u00e0 lota\u00e7\u00e3o reduzida, os bilhetes n\u00e3o s\u00e3o transmiss\u00edveis. \u00a0 [&hellip;]<\/p>","protected":false},"author":1,"featured_media":0,"parent":0,"menu_order":0,"comment_status":"closed","ping_status":"closed","template":"","meta":{"_price":"","_stock":"","_tribe_ticket_header":"","_tribe_default_ticket_provider":"","_tribe_ticket_capacity":"0","_ticket_start_date":"","_ticket_end_date":"","_tribe_ticket_show_description":"","_tribe_ticket_show_not_going":false,"_tribe_ticket_use_global_stock":"","_tribe_ticket_global_stock_level":"","_global_stock_mode":"","_global_stock_cap":"","_tribe_rsvp_for_event":"","_tribe_ticket_going_count":"","_tribe_ticket_not_going_count":"","_tribe_tickets_list":"[]","_tribe_ticket_has_attendee_info_fields":false,"footnotes":"","_tec_slr_enabled":"","_tec_slr_layout":""},"class_list":["post-1897","page","type-page","status-publish","hentry"],"yoast_head":"<!-- This site is optimized with the Yoast SEO plugin v25.8 - https:\/\/yoast.com\/wordpress\/plugins\/seo\/ -->\n<title>Termos e Condi\u00e7\u00f5es - EXPERIENCEA<\/title>\n<meta name=\"robots\" content=\"index, follow, max-snippet:-1, max-image-preview:large, max-video-preview:-1\" \/>\n<link rel=\"canonical\" href=\"https:\/\/experiencea.pt\/en\/termos-e-condicoes\/\" \/>\n<meta property=\"og:locale\" content=\"en_GB\" \/>\n<meta property=\"og:type\" content=\"article\" \/>\n<meta property=\"og:title\" content=\"Termos e Condi\u00e7\u00f5es - EXPERIENCEA\" \/>\n<meta property=\"og:description\" content=\"Termos e Condi\u00e7\u00f5es 1. Organiza\u00e7\u00e3o Os eventos s\u00e3o promovidos pela ExperienceA by Wine Tourism in Portugal, Lda., em parceria com venues de prest\u00edgio nacionais e internacionais. \u00a0 2. Car\u00e1ter Exclusivo Os bilhetes s\u00e3o pessoais e limitados, garantindo experi\u00eancias imersivas e intimistas. Devido ao car\u00e1cter exclusivo e \u00e0 lota\u00e7\u00e3o reduzida, os bilhetes n\u00e3o s\u00e3o transmiss\u00edveis. \u00a0 [&hellip;]\" \/>\n<meta property=\"og:url\" content=\"https:\/\/experiencea.pt\/en\/termos-e-condicoes\/\" \/>\n<meta property=\"og:site_name\" content=\"EXPERIENCEA\" \/>\n<meta property=\"article:modified_time\" content=\"2025-08-29T17:41:47+00:00\" \/>\n<meta property=\"og:image\" content=\"https:\/\/experiencea.pt\/wp-content\/uploads\/2024\/11\/Experiencea-logo-q.png\" \/>\n\t<meta property=\"og:image:width\" content=\"1500\" \/>\n\t<meta property=\"og:image:height\" content=\"1500\" \/>\n\t<meta property=\"og:image:type\" content=\"image\/png\" \/>\n<meta name=\"twitter:card\" content=\"summary_large_image\" \/>\n<meta name=\"twitter:label1\" content=\"Estimated reading time\" \/>\n\t<meta name=\"twitter:data1\" content=\"2 minutes\" \/>\n<script type=\"application\/ld+json\" class=\"yoast-schema-graph\">{\"@context\":\"https:\/\/schema.org\",\"@graph\":[{\"@type\":\"WebPage\",\"@id\":\"https:\/\/experiencea.pt\/termos-e-condicoes\/\",\"url\":\"https:\/\/experiencea.pt\/termos-e-condicoes\/\",\"name\":\"Termos e Condi\u00e7\u00f5es - EXPERIENCEA\",\"isPartOf\":{\"@id\":\"https:\/\/experiencea.pt\/#website\"},\"datePublished\":\"2025-04-30T14:51:10+00:00\",\"dateModified\":\"2025-08-29T17:41:47+00:00\",\"breadcrumb\":{\"@id\":\"https:\/\/experiencea.pt\/termos-e-condicoes\/#breadcrumb\"},\"inLanguage\":\"en-GB\",\"potentialAction\":[{\"@type\":\"ReadAction\",\"target\":[\"https:\/\/experiencea.pt\/termos-e-condicoes\/\"]}]},{\"@type\":\"BreadcrumbList\",\"@id\":\"https:\/\/experiencea.pt\/termos-e-condicoes\/#breadcrumb\",\"itemListElement\":[{\"@type\":\"ListItem\",\"position\":1,\"name\":\"In\u00edcio\",\"item\":\"https:\/\/experiencea.pt\/\"},{\"@type\":\"ListItem\",\"position\":2,\"name\":\"Termos e Condi\u00e7\u00f5es\"}]},{\"@type\":\"WebSite\",\"@id\":\"https:\/\/experiencea.pt\/#website\",\"url\":\"https:\/\/experiencea.pt\/\",\"name\":\"EXPERIENCEA\",\"description\":\"\",\"publisher\":{\"@id\":\"https:\/\/experiencea.pt\/#organization\"},\"potentialAction\":[{\"@type\":\"SearchAction\",\"target\":{\"@type\":\"EntryPoint\",\"urlTemplate\":\"https:\/\/experiencea.pt\/?s={search_term_string}\"},\"query-input\":{\"@type\":\"PropertyValueSpecification\",\"valueRequired\":true,\"valueName\":\"search_term_string\"}}],\"inLanguage\":\"en-GB\"},{\"@type\":\"Organization\",\"@id\":\"https:\/\/experiencea.pt\/#organization\",\"name\":\"EXPERIENCEA\",\"url\":\"https:\/\/experiencea.pt\/\",\"logo\":{\"@type\":\"ImageObject\",\"inLanguage\":\"en-GB\",\"@id\":\"https:\/\/experiencea.pt\/#\/schema\/logo\/image\/\",\"url\":\"https:\/\/experiencea.pt\/wp-content\/uploads\/2024\/11\/experiencea-logo-v.png\",\"contentUrl\":\"https:\/\/experiencea.pt\/wp-content\/uploads\/2024\/11\/experiencea-logo-v.png\",\"width\":1045,\"height\":93,\"caption\":\"EXPERIENCEA\"},\"image\":{\"@id\":\"https:\/\/experiencea.pt\/#\/schema\/logo\/image\/\"}}]}<\/script>\n<!-- \/ Yoast SEO plugin. -->","yoast_head_json":{"title":"Termos e Condi\u00e7\u00f5es - EXPERIENCEA","robots":{"index":"index","follow":"follow","max-snippet":"max-snippet:-1","max-image-preview":"max-image-preview:large","max-video-preview":"max-video-preview:-1"},"canonical":"https:\/\/experiencea.pt\/en\/termos-e-condicoes\/","og_locale":"en_GB","og_type":"article","og_title":"Termos e Condi\u00e7\u00f5es - EXPERIENCEA","og_description":"Termos e Condi\u00e7\u00f5es 1. Organiza\u00e7\u00e3o Os eventos s\u00e3o promovidos pela ExperienceA by Wine Tourism in Portugal, Lda., em parceria com venues de prest\u00edgio nacionais e internacionais. \u00a0 2. Car\u00e1ter Exclusivo Os bilhetes s\u00e3o pessoais e limitados, garantindo experi\u00eancias imersivas e intimistas. Devido ao car\u00e1cter exclusivo e \u00e0 lota\u00e7\u00e3o reduzida, os bilhetes n\u00e3o s\u00e3o transmiss\u00edveis. \u00a0 [&hellip;]","og_url":"https:\/\/experiencea.pt\/en\/termos-e-condicoes\/","og_site_name":"EXPERIENCEA","article_modified_time":"2025-08-29T17:41:47+00:00","og_image":[{"width":1500,"height":1500,"url":"https:\/\/experiencea.pt\/wp-content\/uploads\/2024\/11\/Experiencea-logo-q.png","type":"image\/png"}],"twitter_card":"summary_large_image","twitter_misc":{"Estimated reading time":"2 minutes"},"schema":{"@context":"https:\/\/schema.org","@graph":[{"@type":"WebPage","@id":"https:\/\/experiencea.pt\/termos-e-condicoes\/","url":"https:\/\/experiencea.pt\/termos-e-condicoes\/","name":"Termos e Condi\u00e7\u00f5es - EXPERIENCEA","isPartOf":{"@id":"https:\/\/experiencea.pt\/#website"},"datePublished":"2025-04-30T14:51:10+00:00","dateModified":"2025-08-29T17:41:47+00:00","breadcrumb":{"@id":"https:\/\/experiencea.pt\/termos-e-condicoes\/#breadcrumb"},"inLanguage":"en-GB","potentialAction":[{"@type":"ReadAction","target":["https:\/\/experiencea.pt\/termos-e-condicoes\/"]}]},{"@type":"BreadcrumbList","@id":"https:\/\/experiencea.pt\/termos-e-condicoes\/#breadcrumb","itemListElement":[{"@type":"ListItem","position":1,"name":"In\u00edcio","item":"https:\/\/experiencea.pt\/"},{"@type":"ListItem","position":2,"name":"Termos e Condi\u00e7\u00f5es"}]},{"@type":"WebSite","@id":"https:\/\/experiencea.pt\/#website","url":"https:\/\/experiencea.pt\/","name":"EXPERIENCEA","description":"","publisher":{"@id":"https:\/\/experiencea.pt\/#organization"},"potentialAction":[{"@type":"SearchAction","target":{"@type":"EntryPoint","urlTemplate":"https:\/\/experiencea.pt\/?s={search_term_string}"},"query-input":{"@type":"PropertyValueSpecification","valueRequired":true,"valueName":"search_term_string"}}],"inLanguage":"en-GB"},{"@type":"Organization","@id":"https:\/\/experiencea.pt\/#organization","name":"EXPERIENCEA","url":"https:\/\/experiencea.pt\/","logo":{"@type":"ImageObject","inLanguage":"en-GB","@id":"https:\/\/experiencea.pt\/#\/schema\/logo\/image\/","url":"https:\/\/experiencea.pt\/wp-content\/uploads\/2024\/11\/experiencea-logo-v.png","contentUrl":"https:\/\/experiencea.pt\/wp-content\/uploads\/2024\/11\/experiencea-logo-v.png","width":1045,"height":93,"caption":"EXPERIENCEA"},"image":{"@id":"https:\/\/experiencea.pt\/#\/schema\/logo\/image\/"}}]}},"ticketed":false,"_links":{"self":[{"href":"https:\/\/experiencea.pt\/en\/wp-json\/wp\/v2\/pages\/1897","targetHints":{"allow":["GET"]}}],"collection":[{"href":"https:\/\/experiencea.pt\/en\/wp-json\/wp\/v2\/pages"}],"about":[{"href":"https:\/\/experiencea.pt\/en\/wp-json\/wp\/v2\/types\/page"}],"author":[{"embeddable":true,"href":"https:\/\/experiencea.pt\/en\/wp-json\/wp\/v2\/users\/1"}],"replies":[{"embeddable":true,"href":"https:\/\/experiencea.pt\/en\/wp-json\/wp\/v2\/comments?post=1897"}],"version-history":[{"count":23,"href":"https:\/\/experiencea.pt\/en\/wp-json\/wp\/v2\/pages\/1897\/revisions"}],"predecessor-version":[{"id":2900,"href":"https:\/\/experiencea.pt\/en\/wp-json\/wp\/v2\/pages\/1897\/revisions\/2900"}],"wp:attachment":[{"href":"https:\/\/experiencea.pt\/en\/wp-json\/wp\/v2\/media?parent=1897"}],"curies":[{"name":"wp","href":"https:\/\/api.w.org\/{rel}","templated":true}]}}