{"id":1906,"date":"2025-04-30T15:00:33","date_gmt":"2025-04-30T15:00:33","guid":{"rendered":"https:\/\/experiencea.pt\/?page_id=1906"},"modified":"2025-08-26T09:33:25","modified_gmt":"2025-08-26T09:33:25","slug":"livro-de-reclamacoes","status":"publish","type":"page","link":"https:\/\/experiencea.pt\/en\/livro-de-reclamacoes\/","title":{"rendered":"Complaints Book"},"content":{"rendered":"<div data-elementor-type=\"wp-page\" data-elementor-id=\"1906\" class=\"elementor elementor-1906\" data-elementor-post-type=\"page\">\n\t\t\t\t<div class=\"elementor-element elementor-element-9aa07bf e-con-full e-flex e-con e-parent\" data-id=\"9aa07bf\" data-element_type=\"container\" data-settings=\"{&quot;background_background&quot;:&quot;classic&quot;}\">\n\t\t<div class=\"elementor-element elementor-element-26ab5b2 e-flex e-con-boxed e-con e-child\" data-id=\"26ab5b2\" data-element_type=\"container\">\n\t\t\t\t\t<div class=\"e-con-inner\">\n\t\t\t\t<div class=\"elementor-element elementor-element-2b97c72 elementor-widget elementor-widget-heading\" data-id=\"2b97c72\" data-element_type=\"widget\" data-widget_type=\"heading.default\">\n\t\t\t\t<div class=\"elementor-widget-container\">\n\t\t\t\t\t<h1 class=\"elementor-heading-title elementor-size-default\">Information on the Complaints Book<\/h1>\t\t\t\t<\/div>\n\t\t\t\t<\/div>\n\t\t\t\t\t<\/div>\n\t\t\t\t<\/div>\n\t\t\t\t<\/div>\n\t\t<div class=\"elementor-element elementor-element-e98dde1 e-flex e-con-boxed e-con e-parent\" data-id=\"e98dde1\" data-element_type=\"container\" data-settings=\"{&quot;background_background&quot;:&quot;classic&quot;}\">\n\t\t\t\t\t<div class=\"e-con-inner\">\n\t\t\t\t<div class=\"elementor-element elementor-element-5780f2e elementor-widget elementor-widget-text-editor\" data-id=\"5780f2e\" data-element_type=\"widget\" data-widget_type=\"text-editor.default\">\n\t\t\t\t<div class=\"elementor-widget-container\">\n\t\t\t\t\t\t\t\t\t<p>In compliance with Decree-Law no. 74\/2017, we inform you that the Electronic Complaints Book is now available.<br \/>If necessary, you can submit your complaint via the official portal:<br \/>\ud83d\udd17 www.livroreclamacoes.pt<\/p><p>Wine Tourism in Portugal\/ExperienceA values the opinion of its customers and undertakes to analyse all complaints fairly and promptly.<\/p>\t\t\t\t\t\t\t\t<\/div>\n\t\t\t\t<\/div>\n\t\t\t\t\t<\/div>\n\t\t\t\t<\/div>\n\t\t\t\t<\/div>","protected":false},"excerpt":{"rendered":"<p>Informa\u00e7\u00e3o sobre o Livro de Reclama\u00e7\u00f5es Em cumprimento do Decreto-Lei n.\u00ba 74\/2017, informamos que est\u00e1 dispon\u00edvel o Livro de Reclama\u00e7\u00f5es Eletr\u00f3nico.Em caso de necessidade, poder\u00e1 apresentar a sua reclama\u00e7\u00e3o atrav\u00e9s do portal oficial:\ud83d\udd17 www.livroreclamacoes.pt A Wine Tourism in Portugal\/ExperienceA valoriza a opini\u00e3o dos seus clientes e compromete-se a analisar todas as reclama\u00e7\u00f5es de forma justa [&hellip;]<\/p>","protected":false},"author":1,"featured_media":0,"parent":0,"menu_order":0,"comment_status":"closed","ping_status":"closed","template":"","meta":{"_price":"","_stock":"","_tribe_ticket_header":"","_tribe_default_ticket_provider":"","_tribe_ticket_capacity":"0","_ticket_start_date":"","_ticket_end_date":"","_tribe_ticket_show_description":"","_tribe_ticket_show_not_going":false,"_tribe_ticket_use_global_stock":"","_tribe_ticket_global_stock_level":"","_global_stock_mode":"","_global_stock_cap":"","_tribe_rsvp_for_event":"","_tribe_ticket_going_count":"","_tribe_ticket_not_going_count":"","_tribe_tickets_list":"[]","_tribe_ticket_has_attendee_info_fields":false,"footnotes":"","_tec_slr_enabled":"","_tec_slr_layout":""},"class_list":["post-1906","page","type-page","status-publish","hentry"],"yoast_head":"<!-- This site is optimized with the Yoast SEO plugin v25.8 - https:\/\/yoast.com\/wordpress\/plugins\/seo\/ -->\n<title>Livro de Reclama\u00e7\u00f5es - EXPERIENCEA<\/title>\n<meta name=\"robots\" content=\"index, follow, max-snippet:-1, max-image-preview:large, max-video-preview:-1\" \/>\n<link rel=\"canonical\" href=\"https:\/\/experiencea.pt\/en\/livro-de-reclamacoes\/\" \/>\n<meta property=\"og:locale\" content=\"en_GB\" \/>\n<meta property=\"og:type\" content=\"article\" \/>\n<meta property=\"og:title\" content=\"Livro de Reclama\u00e7\u00f5es - EXPERIENCEA\" \/>\n<meta property=\"og:description\" content=\"Informa\u00e7\u00e3o sobre o Livro de Reclama\u00e7\u00f5es Em cumprimento do Decreto-Lei n.\u00ba 74\/2017, informamos que est\u00e1 dispon\u00edvel o Livro de Reclama\u00e7\u00f5es Eletr\u00f3nico.Em caso de necessidade, poder\u00e1 apresentar a sua reclama\u00e7\u00e3o atrav\u00e9s do portal oficial:\ud83d\udd17 www.livroreclamacoes.pt A Wine Tourism in Portugal\/ExperienceA valoriza a opini\u00e3o dos seus clientes e compromete-se a analisar todas as reclama\u00e7\u00f5es de forma justa [&hellip;]\" \/>\n<meta property=\"og:url\" content=\"https:\/\/experiencea.pt\/en\/livro-de-reclamacoes\/\" \/>\n<meta property=\"og:site_name\" content=\"EXPERIENCEA\" \/>\n<meta property=\"article:modified_time\" content=\"2025-08-26T09:33:25+00:00\" \/>\n<meta property=\"og:image\" content=\"https:\/\/experiencea.pt\/wp-content\/uploads\/2024\/11\/Experiencea-logo-q.png\" \/>\n\t<meta property=\"og:image:width\" content=\"1500\" \/>\n\t<meta property=\"og:image:height\" content=\"1500\" \/>\n\t<meta property=\"og:image:type\" content=\"image\/png\" \/>\n<meta name=\"twitter:card\" content=\"summary_large_image\" \/>\n<meta name=\"twitter:label1\" content=\"Estimated reading time\" \/>\n\t<meta name=\"twitter:data1\" content=\"1 minute\" \/>\n<script type=\"application\/ld+json\" class=\"yoast-schema-graph\">{\"@context\":\"https:\/\/schema.org\",\"@graph\":[{\"@type\":\"WebPage\",\"@id\":\"https:\/\/experiencea.pt\/livro-de-reclamacoes\/\",\"url\":\"https:\/\/experiencea.pt\/livro-de-reclamacoes\/\",\"name\":\"Livro de Reclama\u00e7\u00f5es - EXPERIENCEA\",\"isPartOf\":{\"@id\":\"https:\/\/experiencea.pt\/#website\"},\"datePublished\":\"2025-04-30T15:00:33+00:00\",\"dateModified\":\"2025-08-26T09:33:25+00:00\",\"breadcrumb\":{\"@id\":\"https:\/\/experiencea.pt\/livro-de-reclamacoes\/#breadcrumb\"},\"inLanguage\":\"en-GB\",\"potentialAction\":[{\"@type\":\"ReadAction\",\"target\":[\"https:\/\/experiencea.pt\/livro-de-reclamacoes\/\"]}]},{\"@type\":\"BreadcrumbList\",\"@id\":\"https:\/\/experiencea.pt\/livro-de-reclamacoes\/#breadcrumb\",\"itemListElement\":[{\"@type\":\"ListItem\",\"position\":1,\"name\":\"In\u00edcio\",\"item\":\"https:\/\/experiencea.pt\/\"},{\"@type\":\"ListItem\",\"position\":2,\"name\":\"Livro de Reclama\u00e7\u00f5es\"}]},{\"@type\":\"WebSite\",\"@id\":\"https:\/\/experiencea.pt\/#website\",\"url\":\"https:\/\/experiencea.pt\/\",\"name\":\"EXPERIENCEA\",\"description\":\"\",\"publisher\":{\"@id\":\"https:\/\/experiencea.pt\/#organization\"},\"potentialAction\":[{\"@type\":\"SearchAction\",\"target\":{\"@type\":\"EntryPoint\",\"urlTemplate\":\"https:\/\/experiencea.pt\/?s={search_term_string}\"},\"query-input\":{\"@type\":\"PropertyValueSpecification\",\"valueRequired\":true,\"valueName\":\"search_term_string\"}}],\"inLanguage\":\"en-GB\"},{\"@type\":\"Organization\",\"@id\":\"https:\/\/experiencea.pt\/#organization\",\"name\":\"EXPERIENCEA\",\"url\":\"https:\/\/experiencea.pt\/\",\"logo\":{\"@type\":\"ImageObject\",\"inLanguage\":\"en-GB\",\"@id\":\"https:\/\/experiencea.pt\/#\/schema\/logo\/image\/\",\"url\":\"https:\/\/experiencea.pt\/wp-content\/uploads\/2024\/11\/experiencea-logo-v.png\",\"contentUrl\":\"https:\/\/experiencea.pt\/wp-content\/uploads\/2024\/11\/experiencea-logo-v.png\",\"width\":1045,\"height\":93,\"caption\":\"EXPERIENCEA\"},\"image\":{\"@id\":\"https:\/\/experiencea.pt\/#\/schema\/logo\/image\/\"}}]}<\/script>\n<!-- \/ Yoast SEO plugin. -->","yoast_head_json":{"title":"Livro de Reclama\u00e7\u00f5es - EXPERIENCEA","robots":{"index":"index","follow":"follow","max-snippet":"max-snippet:-1","max-image-preview":"max-image-preview:large","max-video-preview":"max-video-preview:-1"},"canonical":"https:\/\/experiencea.pt\/en\/livro-de-reclamacoes\/","og_locale":"en_GB","og_type":"article","og_title":"Livro de Reclama\u00e7\u00f5es - EXPERIENCEA","og_description":"Informa\u00e7\u00e3o sobre o Livro de Reclama\u00e7\u00f5es Em cumprimento do Decreto-Lei n.\u00ba 74\/2017, informamos que est\u00e1 dispon\u00edvel o Livro de Reclama\u00e7\u00f5es Eletr\u00f3nico.Em caso de necessidade, poder\u00e1 apresentar a sua reclama\u00e7\u00e3o atrav\u00e9s do portal oficial:\ud83d\udd17 www.livroreclamacoes.pt A Wine Tourism in Portugal\/ExperienceA valoriza a opini\u00e3o dos seus clientes e compromete-se a analisar todas as reclama\u00e7\u00f5es de forma justa [&hellip;]","og_url":"https:\/\/experiencea.pt\/en\/livro-de-reclamacoes\/","og_site_name":"EXPERIENCEA","article_modified_time":"2025-08-26T09:33:25+00:00","og_image":[{"width":1500,"height":1500,"url":"https:\/\/experiencea.pt\/wp-content\/uploads\/2024\/11\/Experiencea-logo-q.png","type":"image\/png"}],"twitter_card":"summary_large_image","twitter_misc":{"Estimated reading time":"1 minute"},"schema":{"@context":"https:\/\/schema.org","@graph":[{"@type":"WebPage","@id":"https:\/\/experiencea.pt\/livro-de-reclamacoes\/","url":"https:\/\/experiencea.pt\/livro-de-reclamacoes\/","name":"Livro de Reclama\u00e7\u00f5es - EXPERIENCEA","isPartOf":{"@id":"https:\/\/experiencea.pt\/#website"},"datePublished":"2025-04-30T15:00:33+00:00","dateModified":"2025-08-26T09:33:25+00:00","breadcrumb":{"@id":"https:\/\/experiencea.pt\/livro-de-reclamacoes\/#breadcrumb"},"inLanguage":"en-GB","potentialAction":[{"@type":"ReadAction","target":["https:\/\/experiencea.pt\/livro-de-reclamacoes\/"]}]},{"@type":"BreadcrumbList","@id":"https:\/\/experiencea.pt\/livro-de-reclamacoes\/#breadcrumb","itemListElement":[{"@type":"ListItem","position":1,"name":"In\u00edcio","item":"https:\/\/experiencea.pt\/"},{"@type":"ListItem","position":2,"name":"Livro de Reclama\u00e7\u00f5es"}]},{"@type":"WebSite","@id":"https:\/\/experiencea.pt\/#website","url":"https:\/\/experiencea.pt\/","name":"EXPERIENCEA","description":"","publisher":{"@id":"https:\/\/experiencea.pt\/#organization"},"potentialAction":[{"@type":"SearchAction","target":{"@type":"EntryPoint","urlTemplate":"https:\/\/experiencea.pt\/?s={search_term_string}"},"query-input":{"@type":"PropertyValueSpecification","valueRequired":true,"valueName":"search_term_string"}}],"inLanguage":"en-GB"},{"@type":"Organization","@id":"https:\/\/experiencea.pt\/#organization","name":"EXPERIENCEA","url":"https:\/\/experiencea.pt\/","logo":{"@type":"ImageObject","inLanguage":"en-GB","@id":"https:\/\/experiencea.pt\/#\/schema\/logo\/image\/","url":"https:\/\/experiencea.pt\/wp-content\/uploads\/2024\/11\/experiencea-logo-v.png","contentUrl":"https:\/\/experiencea.pt\/wp-content\/uploads\/2024\/11\/experiencea-logo-v.png","width":1045,"height":93,"caption":"EXPERIENCEA"},"image":{"@id":"https:\/\/experiencea.pt\/#\/schema\/logo\/image\/"}}]}},"ticketed":false,"_links":{"self":[{"href":"https:\/\/experiencea.pt\/en\/wp-json\/wp\/v2\/pages\/1906","targetHints":{"allow":["GET"]}}],"collection":[{"href":"https:\/\/experiencea.pt\/en\/wp-json\/wp\/v2\/pages"}],"about":[{"href":"https:\/\/experiencea.pt\/en\/wp-json\/wp\/v2\/types\/page"}],"author":[{"embeddable":true,"href":"https:\/\/experiencea.pt\/en\/wp-json\/wp\/v2\/users\/1"}],"replies":[{"embeddable":true,"href":"https:\/\/experiencea.pt\/en\/wp-json\/wp\/v2\/comments?post=1906"}],"version-history":[{"count":10,"href":"https:\/\/experiencea.pt\/en\/wp-json\/wp\/v2\/pages\/1906\/revisions"}],"predecessor-version":[{"id":2140,"href":"https:\/\/experiencea.pt\/en\/wp-json\/wp\/v2\/pages\/1906\/revisions\/2140"}],"wp:attachment":[{"href":"https:\/\/experiencea.pt\/en\/wp-json\/wp\/v2\/media?parent=1906"}],"curies":[{"name":"wp","href":"https:\/\/api.w.org\/{rel}","templated":true}]}}