{"id":1915,"date":"2025-04-30T15:03:35","date_gmt":"2025-04-30T15:03:35","guid":{"rendered":"https:\/\/experiencea.pt\/?page_id=1915"},"modified":"2025-08-26T09:44:58","modified_gmt":"2025-08-26T09:44:58","slug":"politica-de-reembolso","status":"publish","type":"page","link":"https:\/\/experiencea.pt\/en\/politica-de-reembolso\/","title":{"rendered":"Refund Policy"},"content":{"rendered":"<div data-elementor-type=\"wp-page\" data-elementor-id=\"1915\" class=\"elementor elementor-1915\" data-elementor-post-type=\"page\">\n\t\t\t\t<div class=\"elementor-element elementor-element-2b6f621 e-con-full e-flex e-con e-parent\" data-id=\"2b6f621\" data-element_type=\"container\" data-settings=\"{&quot;background_background&quot;:&quot;classic&quot;}\">\n\t\t<div class=\"elementor-element elementor-element-9d4bad5 e-flex e-con-boxed e-con e-child\" data-id=\"9d4bad5\" data-element_type=\"container\">\n\t\t\t\t\t<div class=\"e-con-inner\">\n\t\t\t\t<div class=\"elementor-element elementor-element-644973a elementor-widget elementor-widget-heading\" data-id=\"644973a\" data-element_type=\"widget\" data-widget_type=\"heading.default\">\n\t\t\t\t<div class=\"elementor-widget-container\">\n\t\t\t\t\t<h1 class=\"elementor-heading-title elementor-size-default\">Refund Policy<\/h1>\t\t\t\t<\/div>\n\t\t\t\t<\/div>\n\t\t\t\t\t<\/div>\n\t\t\t\t<\/div>\n\t\t\t\t<\/div>\n\t\t<div class=\"elementor-element elementor-element-cb2ddb1 e-flex e-con-boxed e-con e-parent\" data-id=\"cb2ddb1\" data-element_type=\"container\" data-settings=\"{&quot;background_background&quot;:&quot;classic&quot;}\">\n\t\t\t\t\t<div class=\"e-con-inner\">\n\t\t\t\t<div class=\"elementor-element elementor-element-a6aeb69 elementor-widget elementor-widget-text-editor\" data-id=\"a6aeb69\" data-element_type=\"widget\" data-widget_type=\"text-editor.default\">\n\t\t\t\t<div class=\"elementor-widget-container\">\n\t\t\t\t\t\t\t\t\t<p><strong>1. Condi\u00e7\u00f5es de Reembolso<\/strong><br \/>O reembolso do valor do bilhete apenas ser\u00e1 realizado nas seguintes situa\u00e7\u00f5es:<br \/>\u2022 Cancelamento oficial do evento;<br \/>\u2022 Altera\u00e7\u00e3o significativa de data, local ou condi\u00e7\u00f5es do evento.<\/p><p><strong>2. Procedimento<\/strong><br \/>Em caso de reembolso:<br \/>\u2022 O valor do bilhete ser\u00e1 reembolsado atrav\u00e9s do mesmo meio de pagamento utilizado na compra;<br \/>\u2022 As taxas de servi\u00e7o associadas n\u00e3o s\u00e3o reembols\u00e1veis;<br \/>\u2022 O reembolso ser\u00e1 processado no prazo m\u00e1ximo de 30 dias \u00fateis ap\u00f3s a comunica\u00e7\u00e3o oficial.<\/p><p><strong>3. Pedido de Reembolso<\/strong><br \/>O cliente dever\u00e1 solicitar o reembolso, indicando os seus dados de compra, atrav\u00e9s do e-mail: reservas@experiencea.pt<\/p><p><strong>4. Eventos n\u00e3o Reembols\u00e1veis<\/strong><br \/>A impossibilidade de comparecer ao evento por motivos pessoais n\u00e3o d\u00e1 direito a reembolso do bilhete.<\/p>\t\t\t\t\t\t\t\t<\/div>\n\t\t\t\t<\/div>\n\t\t\t\t\t<\/div>\n\t\t\t\t<\/div>\n\t\t\t\t<\/div>","protected":false},"excerpt":{"rendered":"<p>Pol\u00edtica de Reembolso 1. Condi\u00e7\u00f5es de ReembolsoO reembolso do valor do bilhete apenas ser\u00e1 realizado nas seguintes situa\u00e7\u00f5es:\u2022 Cancelamento oficial do evento;\u2022 Altera\u00e7\u00e3o significativa de data, local ou condi\u00e7\u00f5es do evento. 2. ProcedimentoEm caso de reembolso:\u2022 O valor do bilhete ser\u00e1 reembolsado atrav\u00e9s do mesmo meio de pagamento utilizado na compra;\u2022 As taxas de servi\u00e7o [&hellip;]<\/p>","protected":false},"author":1,"featured_media":0,"parent":0,"menu_order":0,"comment_status":"closed","ping_status":"closed","template":"","meta":{"_price":"","_stock":"","_tribe_ticket_header":"","_tribe_default_ticket_provider":"","_tribe_ticket_capacity":"0","_ticket_start_date":"","_ticket_end_date":"","_tribe_ticket_show_description":"","_tribe_ticket_show_not_going":false,"_tribe_ticket_use_global_stock":"","_tribe_ticket_global_stock_level":"","_global_stock_mode":"","_global_stock_cap":"","_tribe_rsvp_for_event":"","_tribe_ticket_going_count":"","_tribe_ticket_not_going_count":"","_tribe_tickets_list":"[]","_tribe_ticket_has_attendee_info_fields":false,"footnotes":"","_tec_slr_enabled":"","_tec_slr_layout":""},"class_list":["post-1915","page","type-page","status-publish","hentry"],"yoast_head":"<!-- This site is optimized with the Yoast SEO plugin v25.8 - https:\/\/yoast.com\/wordpress\/plugins\/seo\/ -->\n<title>Pol\u00edtica de Reembolso - EXPERIENCEA<\/title>\n<meta name=\"robots\" content=\"index, follow, max-snippet:-1, max-image-preview:large, max-video-preview:-1\" \/>\n<link rel=\"canonical\" href=\"https:\/\/experiencea.pt\/en\/politica-de-reembolso\/\" \/>\n<meta property=\"og:locale\" content=\"en_GB\" \/>\n<meta property=\"og:type\" content=\"article\" \/>\n<meta property=\"og:title\" content=\"Pol\u00edtica de Reembolso - EXPERIENCEA\" \/>\n<meta property=\"og:description\" content=\"Pol\u00edtica de Reembolso 1. Condi\u00e7\u00f5es de ReembolsoO reembolso do valor do bilhete apenas ser\u00e1 realizado nas seguintes situa\u00e7\u00f5es:\u2022 Cancelamento oficial do evento;\u2022 Altera\u00e7\u00e3o significativa de data, local ou condi\u00e7\u00f5es do evento. 2. ProcedimentoEm caso de reembolso:\u2022 O valor do bilhete ser\u00e1 reembolsado atrav\u00e9s do mesmo meio de pagamento utilizado na compra;\u2022 As taxas de servi\u00e7o [&hellip;]\" \/>\n<meta property=\"og:url\" content=\"https:\/\/experiencea.pt\/en\/politica-de-reembolso\/\" \/>\n<meta property=\"og:site_name\" content=\"EXPERIENCEA\" \/>\n<meta property=\"article:modified_time\" content=\"2025-08-26T09:44:58+00:00\" \/>\n<meta property=\"og:image\" content=\"https:\/\/experiencea.pt\/wp-content\/uploads\/2024\/11\/Experiencea-logo-q.png\" \/>\n\t<meta property=\"og:image:width\" content=\"1500\" \/>\n\t<meta property=\"og:image:height\" content=\"1500\" \/>\n\t<meta property=\"og:image:type\" content=\"image\/png\" \/>\n<meta name=\"twitter:card\" content=\"summary_large_image\" \/>\n<meta name=\"twitter:label1\" content=\"Estimated reading time\" \/>\n\t<meta name=\"twitter:data1\" content=\"1 minute\" \/>\n<script type=\"application\/ld+json\" class=\"yoast-schema-graph\">{\"@context\":\"https:\/\/schema.org\",\"@graph\":[{\"@type\":\"WebPage\",\"@id\":\"https:\/\/experiencea.pt\/politica-de-reembolso\/\",\"url\":\"https:\/\/experiencea.pt\/politica-de-reembolso\/\",\"name\":\"Pol\u00edtica de Reembolso - EXPERIENCEA\",\"isPartOf\":{\"@id\":\"https:\/\/experiencea.pt\/#website\"},\"datePublished\":\"2025-04-30T15:03:35+00:00\",\"dateModified\":\"2025-08-26T09:44:58+00:00\",\"breadcrumb\":{\"@id\":\"https:\/\/experiencea.pt\/politica-de-reembolso\/#breadcrumb\"},\"inLanguage\":\"en-GB\",\"potentialAction\":[{\"@type\":\"ReadAction\",\"target\":[\"https:\/\/experiencea.pt\/politica-de-reembolso\/\"]}]},{\"@type\":\"BreadcrumbList\",\"@id\":\"https:\/\/experiencea.pt\/politica-de-reembolso\/#breadcrumb\",\"itemListElement\":[{\"@type\":\"ListItem\",\"position\":1,\"name\":\"In\u00edcio\",\"item\":\"https:\/\/experiencea.pt\/\"},{\"@type\":\"ListItem\",\"position\":2,\"name\":\"Pol\u00edtica de Reembolso\"}]},{\"@type\":\"WebSite\",\"@id\":\"https:\/\/experiencea.pt\/#website\",\"url\":\"https:\/\/experiencea.pt\/\",\"name\":\"EXPERIENCEA\",\"description\":\"\",\"publisher\":{\"@id\":\"https:\/\/experiencea.pt\/#organization\"},\"potentialAction\":[{\"@type\":\"SearchAction\",\"target\":{\"@type\":\"EntryPoint\",\"urlTemplate\":\"https:\/\/experiencea.pt\/?s={search_term_string}\"},\"query-input\":{\"@type\":\"PropertyValueSpecification\",\"valueRequired\":true,\"valueName\":\"search_term_string\"}}],\"inLanguage\":\"en-GB\"},{\"@type\":\"Organization\",\"@id\":\"https:\/\/experiencea.pt\/#organization\",\"name\":\"EXPERIENCEA\",\"url\":\"https:\/\/experiencea.pt\/\",\"logo\":{\"@type\":\"ImageObject\",\"inLanguage\":\"en-GB\",\"@id\":\"https:\/\/experiencea.pt\/#\/schema\/logo\/image\/\",\"url\":\"https:\/\/experiencea.pt\/wp-content\/uploads\/2024\/11\/experiencea-logo-v.png\",\"contentUrl\":\"https:\/\/experiencea.pt\/wp-content\/uploads\/2024\/11\/experiencea-logo-v.png\",\"width\":1045,\"height\":93,\"caption\":\"EXPERIENCEA\"},\"image\":{\"@id\":\"https:\/\/experiencea.pt\/#\/schema\/logo\/image\/\"}}]}<\/script>\n<!-- \/ Yoast SEO plugin. -->","yoast_head_json":{"title":"Pol\u00edtica de Reembolso - EXPERIENCEA","robots":{"index":"index","follow":"follow","max-snippet":"max-snippet:-1","max-image-preview":"max-image-preview:large","max-video-preview":"max-video-preview:-1"},"canonical":"https:\/\/experiencea.pt\/en\/politica-de-reembolso\/","og_locale":"en_GB","og_type":"article","og_title":"Pol\u00edtica de Reembolso - EXPERIENCEA","og_description":"Pol\u00edtica de Reembolso 1. Condi\u00e7\u00f5es de ReembolsoO reembolso do valor do bilhete apenas ser\u00e1 realizado nas seguintes situa\u00e7\u00f5es:\u2022 Cancelamento oficial do evento;\u2022 Altera\u00e7\u00e3o significativa de data, local ou condi\u00e7\u00f5es do evento. 2. ProcedimentoEm caso de reembolso:\u2022 O valor do bilhete ser\u00e1 reembolsado atrav\u00e9s do mesmo meio de pagamento utilizado na compra;\u2022 As taxas de servi\u00e7o [&hellip;]","og_url":"https:\/\/experiencea.pt\/en\/politica-de-reembolso\/","og_site_name":"EXPERIENCEA","article_modified_time":"2025-08-26T09:44:58+00:00","og_image":[{"width":1500,"height":1500,"url":"https:\/\/experiencea.pt\/wp-content\/uploads\/2024\/11\/Experiencea-logo-q.png","type":"image\/png"}],"twitter_card":"summary_large_image","twitter_misc":{"Estimated reading time":"1 minute"},"schema":{"@context":"https:\/\/schema.org","@graph":[{"@type":"WebPage","@id":"https:\/\/experiencea.pt\/politica-de-reembolso\/","url":"https:\/\/experiencea.pt\/politica-de-reembolso\/","name":"Pol\u00edtica de Reembolso - EXPERIENCEA","isPartOf":{"@id":"https:\/\/experiencea.pt\/#website"},"datePublished":"2025-04-30T15:03:35+00:00","dateModified":"2025-08-26T09:44:58+00:00","breadcrumb":{"@id":"https:\/\/experiencea.pt\/politica-de-reembolso\/#breadcrumb"},"inLanguage":"en-GB","potentialAction":[{"@type":"ReadAction","target":["https:\/\/experiencea.pt\/politica-de-reembolso\/"]}]},{"@type":"BreadcrumbList","@id":"https:\/\/experiencea.pt\/politica-de-reembolso\/#breadcrumb","itemListElement":[{"@type":"ListItem","position":1,"name":"In\u00edcio","item":"https:\/\/experiencea.pt\/"},{"@type":"ListItem","position":2,"name":"Pol\u00edtica de Reembolso"}]},{"@type":"WebSite","@id":"https:\/\/experiencea.pt\/#website","url":"https:\/\/experiencea.pt\/","name":"EXPERIENCEA","description":"","publisher":{"@id":"https:\/\/experiencea.pt\/#organization"},"potentialAction":[{"@type":"SearchAction","target":{"@type":"EntryPoint","urlTemplate":"https:\/\/experiencea.pt\/?s={search_term_string}"},"query-input":{"@type":"PropertyValueSpecification","valueRequired":true,"valueName":"search_term_string"}}],"inLanguage":"en-GB"},{"@type":"Organization","@id":"https:\/\/experiencea.pt\/#organization","name":"EXPERIENCEA","url":"https:\/\/experiencea.pt\/","logo":{"@type":"ImageObject","inLanguage":"en-GB","@id":"https:\/\/experiencea.pt\/#\/schema\/logo\/image\/","url":"https:\/\/experiencea.pt\/wp-content\/uploads\/2024\/11\/experiencea-logo-v.png","contentUrl":"https:\/\/experiencea.pt\/wp-content\/uploads\/2024\/11\/experiencea-logo-v.png","width":1045,"height":93,"caption":"EXPERIENCEA"},"image":{"@id":"https:\/\/experiencea.pt\/#\/schema\/logo\/image\/"}}]}},"ticketed":false,"_links":{"self":[{"href":"https:\/\/experiencea.pt\/en\/wp-json\/wp\/v2\/pages\/1915","targetHints":{"allow":["GET"]}}],"collection":[{"href":"https:\/\/experiencea.pt\/en\/wp-json\/wp\/v2\/pages"}],"about":[{"href":"https:\/\/experiencea.pt\/en\/wp-json\/wp\/v2\/types\/page"}],"author":[{"embeddable":true,"href":"https:\/\/experiencea.pt\/en\/wp-json\/wp\/v2\/users\/1"}],"replies":[{"embeddable":true,"href":"https:\/\/experiencea.pt\/en\/wp-json\/wp\/v2\/comments?post=1915"}],"version-history":[{"count":19,"href":"https:\/\/experiencea.pt\/en\/wp-json\/wp\/v2\/pages\/1915\/revisions"}],"predecessor-version":[{"id":2164,"href":"https:\/\/experiencea.pt\/en\/wp-json\/wp\/v2\/pages\/1915\/revisions\/2164"}],"wp:attachment":[{"href":"https:\/\/experiencea.pt\/en\/wp-json\/wp\/v2\/media?parent=1915"}],"curies":[{"name":"wp","href":"https:\/\/api.w.org\/{rel}","templated":true}]}}