{"id":3,"date":"2024-11-08T12:00:22","date_gmt":"2024-11-08T12:00:22","guid":{"rendered":"https:\/\/experiencea.pt\/?page_id=3"},"modified":"2025-08-26T09:46:34","modified_gmt":"2025-08-26T09:46:34","slug":"privacy-policy","status":"publish","type":"page","link":"https:\/\/experiencea.pt\/en\/privacy-policy\/","title":{"rendered":"Privacy Policy"},"content":{"rendered":"<div data-elementor-type=\"wp-page\" data-elementor-id=\"3\" class=\"elementor elementor-3\" data-elementor-post-type=\"page\">\n\t\t\t\t<div class=\"elementor-element elementor-element-29b285b e-con-full e-flex e-con e-parent\" data-id=\"29b285b\" data-element_type=\"container\" data-settings=\"{&quot;background_background&quot;:&quot;classic&quot;}\">\n\t\t<div class=\"elementor-element elementor-element-8a82de6 e-flex e-con-boxed e-con e-child\" data-id=\"8a82de6\" data-element_type=\"container\" data-settings=\"{&quot;background_background&quot;:&quot;classic&quot;}\">\n\t\t\t\t\t<div class=\"e-con-inner\">\n\t\t\t\t<div class=\"elementor-element elementor-element-aef02e1 elementor-widget elementor-widget-heading\" data-id=\"aef02e1\" data-element_type=\"widget\" data-widget_type=\"heading.default\">\n\t\t\t\t<div class=\"elementor-widget-container\">\n\t\t\t\t\t<h1 class=\"elementor-heading-title elementor-size-default\">PRIVACY POLICY<\/h1>\t\t\t\t<\/div>\n\t\t\t\t<\/div>\n\t\t\t\t\t<\/div>\n\t\t\t\t<\/div>\n\t\t\t\t<\/div>\n\t\t<div class=\"elementor-element elementor-element-15a8eea e-flex e-con-boxed e-con e-parent\" data-id=\"15a8eea\" data-element_type=\"container\">\n\t\t\t\t\t<div class=\"e-con-inner\">\n\t\t\t\t<div class=\"elementor-element elementor-element-005171f elementor-widget elementor-widget-text-editor\" data-id=\"005171f\" data-element_type=\"widget\" data-widget_type=\"text-editor.default\">\n\t\t\t\t<div class=\"elementor-widget-container\">\n\t\t\t\t\t\t\t\t\t<p>Thank you for visiting www.experiencea.pt. This site is owned and operated by ExperienceA by Wine Tourism in Portugal, which has its registered office at Rua Doutor Melo Leote 20, 4100-341 Porto, Portugal.<\/p><p>The privacy regulation shown here applies to all our services available online, by email, by phone, or on any other mobile device. You should visit this page frequently to ensure that you are familiar with the latest version.<\/p><p><strong>Collecting Information<\/strong><\/p><p><strong>\u2013 User Login:<\/strong> You will be requested to fill out an online form with your personal data, such as email, name, taxpayer number, address, postal code, phone number, username, and password.<\/p><p><strong>\u2013 Booking:<\/strong> You will be requested to provide personal data such as your name, taxpayer number, address, postal code, phone number, email, and credit card details (type of credit card, number, CVC code, expiration date, name of the cardholder), among other necessary information.<\/p><p>This information is required to process and complete your booking. It is important to ensure that the email address provided is valid and active, as the booking confirmation will be sent to it.<\/p><p><strong>\u2013 Customer Feedback:<\/strong> The booking confirmation email contains a link to a customer feedback form.<\/p><p><strong>\u2013 Newsletter:<\/strong> You may be requested to provide your name, email, and topics of interest to subscribe to the Newsletter. You will receive updates such as promotions, new product announcements, and news according to your selected preferences.<\/p><p>You can unsubscribe from the Newsletter at any time via the unsubscribe link provided in each email.<\/p><p><strong>Disclosure of Information\u00a0<\/strong><br \/>By booking at www.experiencea.pt, you acknowledge and agree to the transfer of your personal data to the partners providing the services or products you booked, as well as to the general conditions of use of the website.<\/p><p><strong>Information Automatically Gathered\u00a0<\/strong><br \/>When you visit www.experiencea.pt, our server automatically detects and records your IP address. This information is not linked to any personal data and is used exclusively to select your default language (if the website is available in your native language) and to help us administer the website.<\/p><p><strong>Protecting and Safeguarding Your Personal Data<\/strong><br \/>To protect and safeguard your personal and credit card data provided when making a booking on www.experiencea.pt, we use appropriate security systems. After submitting your personal and credit card information, it is transmitted to us securely via an encrypted protocol, which ensures all your data is protected. The information is immediately shared with the partner responsible for the service you booked.<\/p><p>ExperienceA by Wine Tourism in Portugal takes reasonable technical and organizational precautions to prevent the loss, misuse, or alteration of your personal information.<\/p><p>We implement strict security measures in line with European data protection laws, including SSL encryption to safeguard your credit card information before transmission.<\/p><p>In accordance with European data protection laws, strict security procedures are implemented on the portal to prevent the misuse of your personal and credit card information, as well as unauthorized access to such data.<\/p><p>If you have any questions regarding this Privacy Policy, please contact us via our website or at our registered office.<\/p>\t\t\t\t\t\t\t\t<\/div>\n\t\t\t\t<\/div>\n\t\t\t\t\t<\/div>\n\t\t\t\t<\/div>\n\t\t\t\t<\/div>","protected":false},"excerpt":{"rendered":"<p>POL\u00cdTICA DE PRIVACIDADE Obrigado pela sua visita a www.experiencea.pt\u00a0 Este site \u00e9 propriedade e operado pela ExperienceA By Wine Tourism In Portugal, Lda., com sede na Rua Doutor Melo Leote 20, 4100-341 Porto, Portugal. O regulamento de privacidade aqui apresentado aplica-se a todos os nossos servi\u00e7os dispon\u00edveis online, por endere\u00e7o eletr\u00f3nico, por telefone, ou em [&hellip;]<\/p>","protected":false},"author":1,"featured_media":0,"parent":0,"menu_order":0,"comment_status":"closed","ping_status":"open","template":"","meta":{"_price":"","_stock":"","_tribe_ticket_header":"","_tribe_default_ticket_provider":"","_tribe_ticket_capacity":"0","_ticket_start_date":"","_ticket_end_date":"","_tribe_ticket_show_description":"","_tribe_ticket_show_not_going":false,"_tribe_ticket_use_global_stock":"","_tribe_ticket_global_stock_level":"","_global_stock_mode":"","_global_stock_cap":"","_tribe_rsvp_for_event":"","_tribe_ticket_going_count":"","_tribe_ticket_not_going_count":"","_tribe_tickets_list":"[]","_tribe_ticket_has_attendee_info_fields":false,"footnotes":"","_tec_slr_enabled":"","_tec_slr_layout":""},"class_list":["post-3","page","type-page","status-publish","hentry"],"yoast_head":"<!-- This site is optimized with the Yoast SEO plugin v25.8 - https:\/\/yoast.com\/wordpress\/plugins\/seo\/ -->\n<title>Privacy Policy - EXPERIENCEA<\/title>\n<meta name=\"robots\" content=\"index, follow, max-snippet:-1, max-image-preview:large, max-video-preview:-1\" \/>\n<link rel=\"canonical\" href=\"https:\/\/experiencea.pt\/en\/privacy-policy\/\" \/>\n<meta property=\"og:locale\" content=\"en_GB\" \/>\n<meta property=\"og:type\" content=\"article\" \/>\n<meta property=\"og:title\" content=\"Privacy Policy - EXPERIENCEA\" \/>\n<meta property=\"og:description\" content=\"POL\u00cdTICA DE PRIVACIDADE Obrigado pela sua visita a www.experiencea.pt\u00a0 Este site \u00e9 propriedade e operado pela ExperienceA By Wine Tourism In Portugal, Lda., com sede na Rua Doutor Melo Leote 20, 4100-341 Porto, Portugal. O regulamento de privacidade aqui apresentado aplica-se a todos os nossos servi\u00e7os dispon\u00edveis online, por endere\u00e7o eletr\u00f3nico, por telefone, ou em [&hellip;]\" \/>\n<meta property=\"og:url\" content=\"https:\/\/experiencea.pt\/en\/privacy-policy\/\" \/>\n<meta property=\"og:site_name\" content=\"EXPERIENCEA\" \/>\n<meta property=\"article:modified_time\" content=\"2025-08-26T09:46:34+00:00\" \/>\n<meta property=\"og:image\" content=\"https:\/\/experiencea.pt\/wp-content\/uploads\/2024\/11\/Experiencea-logo-q.png\" \/>\n\t<meta property=\"og:image:width\" content=\"1500\" \/>\n\t<meta property=\"og:image:height\" content=\"1500\" \/>\n\t<meta property=\"og:image:type\" content=\"image\/png\" \/>\n<meta name=\"twitter:card\" content=\"summary_large_image\" \/>\n<meta name=\"twitter:label1\" content=\"Estimated reading time\" \/>\n\t<meta name=\"twitter:data1\" content=\"4 minutes\" \/>\n<script type=\"application\/ld+json\" class=\"yoast-schema-graph\">{\"@context\":\"https:\/\/schema.org\",\"@graph\":[{\"@type\":\"WebPage\",\"@id\":\"https:\/\/experiencea.pt\/privacy-policy\/\",\"url\":\"https:\/\/experiencea.pt\/privacy-policy\/\",\"name\":\"Privacy Policy - EXPERIENCEA\",\"isPartOf\":{\"@id\":\"https:\/\/experiencea.pt\/#website\"},\"datePublished\":\"2024-11-08T12:00:22+00:00\",\"dateModified\":\"2025-08-26T09:46:34+00:00\",\"breadcrumb\":{\"@id\":\"https:\/\/experiencea.pt\/privacy-policy\/#breadcrumb\"},\"inLanguage\":\"en-GB\",\"potentialAction\":[{\"@type\":\"ReadAction\",\"target\":[\"https:\/\/experiencea.pt\/privacy-policy\/\"]}]},{\"@type\":\"BreadcrumbList\",\"@id\":\"https:\/\/experiencea.pt\/privacy-policy\/#breadcrumb\",\"itemListElement\":[{\"@type\":\"ListItem\",\"position\":1,\"name\":\"In\u00edcio\",\"item\":\"https:\/\/experiencea.pt\/\"},{\"@type\":\"ListItem\",\"position\":2,\"name\":\"Privacy Policy\"}]},{\"@type\":\"WebSite\",\"@id\":\"https:\/\/experiencea.pt\/#website\",\"url\":\"https:\/\/experiencea.pt\/\",\"name\":\"EXPERIENCEA\",\"description\":\"\",\"publisher\":{\"@id\":\"https:\/\/experiencea.pt\/#organization\"},\"potentialAction\":[{\"@type\":\"SearchAction\",\"target\":{\"@type\":\"EntryPoint\",\"urlTemplate\":\"https:\/\/experiencea.pt\/?s={search_term_string}\"},\"query-input\":{\"@type\":\"PropertyValueSpecification\",\"valueRequired\":true,\"valueName\":\"search_term_string\"}}],\"inLanguage\":\"en-GB\"},{\"@type\":\"Organization\",\"@id\":\"https:\/\/experiencea.pt\/#organization\",\"name\":\"EXPERIENCEA\",\"url\":\"https:\/\/experiencea.pt\/\",\"logo\":{\"@type\":\"ImageObject\",\"inLanguage\":\"en-GB\",\"@id\":\"https:\/\/experiencea.pt\/#\/schema\/logo\/image\/\",\"url\":\"https:\/\/experiencea.pt\/wp-content\/uploads\/2024\/11\/experiencea-logo-v.png\",\"contentUrl\":\"https:\/\/experiencea.pt\/wp-content\/uploads\/2024\/11\/experiencea-logo-v.png\",\"width\":1045,\"height\":93,\"caption\":\"EXPERIENCEA\"},\"image\":{\"@id\":\"https:\/\/experiencea.pt\/#\/schema\/logo\/image\/\"}}]}<\/script>\n<!-- \/ Yoast SEO plugin. -->","yoast_head_json":{"title":"Privacy Policy - EXPERIENCEA","robots":{"index":"index","follow":"follow","max-snippet":"max-snippet:-1","max-image-preview":"max-image-preview:large","max-video-preview":"max-video-preview:-1"},"canonical":"https:\/\/experiencea.pt\/en\/privacy-policy\/","og_locale":"en_GB","og_type":"article","og_title":"Privacy Policy - EXPERIENCEA","og_description":"POL\u00cdTICA DE PRIVACIDADE Obrigado pela sua visita a www.experiencea.pt\u00a0 Este site \u00e9 propriedade e operado pela ExperienceA By Wine Tourism In Portugal, Lda., com sede na Rua Doutor Melo Leote 20, 4100-341 Porto, Portugal. O regulamento de privacidade aqui apresentado aplica-se a todos os nossos servi\u00e7os dispon\u00edveis online, por endere\u00e7o eletr\u00f3nico, por telefone, ou em [&hellip;]","og_url":"https:\/\/experiencea.pt\/en\/privacy-policy\/","og_site_name":"EXPERIENCEA","article_modified_time":"2025-08-26T09:46:34+00:00","og_image":[{"width":1500,"height":1500,"url":"https:\/\/experiencea.pt\/wp-content\/uploads\/2024\/11\/Experiencea-logo-q.png","type":"image\/png"}],"twitter_card":"summary_large_image","twitter_misc":{"Estimated reading time":"4 minutes"},"schema":{"@context":"https:\/\/schema.org","@graph":[{"@type":"WebPage","@id":"https:\/\/experiencea.pt\/privacy-policy\/","url":"https:\/\/experiencea.pt\/privacy-policy\/","name":"Privacy Policy - EXPERIENCEA","isPartOf":{"@id":"https:\/\/experiencea.pt\/#website"},"datePublished":"2024-11-08T12:00:22+00:00","dateModified":"2025-08-26T09:46:34+00:00","breadcrumb":{"@id":"https:\/\/experiencea.pt\/privacy-policy\/#breadcrumb"},"inLanguage":"en-GB","potentialAction":[{"@type":"ReadAction","target":["https:\/\/experiencea.pt\/privacy-policy\/"]}]},{"@type":"BreadcrumbList","@id":"https:\/\/experiencea.pt\/privacy-policy\/#breadcrumb","itemListElement":[{"@type":"ListItem","position":1,"name":"In\u00edcio","item":"https:\/\/experiencea.pt\/"},{"@type":"ListItem","position":2,"name":"Privacy Policy"}]},{"@type":"WebSite","@id":"https:\/\/experiencea.pt\/#website","url":"https:\/\/experiencea.pt\/","name":"EXPERIENCEA","description":"","publisher":{"@id":"https:\/\/experiencea.pt\/#organization"},"potentialAction":[{"@type":"SearchAction","target":{"@type":"EntryPoint","urlTemplate":"https:\/\/experiencea.pt\/?s={search_term_string}"},"query-input":{"@type":"PropertyValueSpecification","valueRequired":true,"valueName":"search_term_string"}}],"inLanguage":"en-GB"},{"@type":"Organization","@id":"https:\/\/experiencea.pt\/#organization","name":"EXPERIENCEA","url":"https:\/\/experiencea.pt\/","logo":{"@type":"ImageObject","inLanguage":"en-GB","@id":"https:\/\/experiencea.pt\/#\/schema\/logo\/image\/","url":"https:\/\/experiencea.pt\/wp-content\/uploads\/2024\/11\/experiencea-logo-v.png","contentUrl":"https:\/\/experiencea.pt\/wp-content\/uploads\/2024\/11\/experiencea-logo-v.png","width":1045,"height":93,"caption":"EXPERIENCEA"},"image":{"@id":"https:\/\/experiencea.pt\/#\/schema\/logo\/image\/"}}]}},"ticketed":false,"_links":{"self":[{"href":"https:\/\/experiencea.pt\/en\/wp-json\/wp\/v2\/pages\/3","targetHints":{"allow":["GET"]}}],"collection":[{"href":"https:\/\/experiencea.pt\/en\/wp-json\/wp\/v2\/pages"}],"about":[{"href":"https:\/\/experiencea.pt\/en\/wp-json\/wp\/v2\/types\/page"}],"author":[{"embeddable":true,"href":"https:\/\/experiencea.pt\/en\/wp-json\/wp\/v2\/users\/1"}],"replies":[{"embeddable":true,"href":"https:\/\/experiencea.pt\/en\/wp-json\/wp\/v2\/comments?post=3"}],"version-history":[{"count":30,"href":"https:\/\/experiencea.pt\/en\/wp-json\/wp\/v2\/pages\/3\/revisions"}],"predecessor-version":[{"id":2168,"href":"https:\/\/experiencea.pt\/en\/wp-json\/wp\/v2\/pages\/3\/revisions\/2168"}],"wp:attachment":[{"href":"https:\/\/experiencea.pt\/en\/wp-json\/wp\/v2\/media?parent=3"}],"curies":[{"name":"wp","href":"https:\/\/api.w.org\/{rel}","templated":true}]}}